{"id":5922,"date":"2024-05-20T21:05:17","date_gmt":"2024-05-20T19:05:17","guid":{"rendered":"https:\/\/new.nordutensili.it\/?page_id=5922"},"modified":"2024-05-20T22:51:26","modified_gmt":"2024-05-20T20:51:26","slug":"prova-3","status":"publish","type":"page","link":"https:\/\/new.nordutensili.it\/index.php\/prova-3\/","title":{"rendered":"Prova"},"content":{"rendered":"\t\t<div data-elementor-type=\"wp-page\" data-elementor-id=\"5922\" class=\"elementor elementor-5922\">\n\t\t\t\t\t\t\t\t\t<section class=\"elementor-section elementor-top-section elementor-element elementor-element-3383e501 elementor-section-height-min-height elementor-section-boxed elementor-section-height-default elementor-section-items-middle\" data-id=\"3383e501\" data-element_type=\"section\" data-settings=\"{&quot;background_background&quot;:&quot;classic&quot;,&quot;shape_divider_bottom&quot;:&quot;pyramids&quot;}\">\n\t\t\t\t\t\t\t<div class=\"elementor-background-overlay\"><\/div>\n\t\t\t\t\t\t<div class=\"elementor-shape elementor-shape-bottom\" data-negative=\"false\">\n\t\t\t<svg xmlns=\"http:\/\/www.w3.org\/2000\/svg\" viewBox=\"0 0 1000 100\" preserveAspectRatio=\"none\">\n\t<path class=\"elementor-shape-fill\" d=\"M761.9,44.1L643.1,27.2L333.8,98L0,3.8V0l1000,0v3.9\"\/>\n<\/svg>\t\t<\/div>\n\t\t\t\t\t<div class=\"elementor-container elementor-column-gap-no\">\n\t\t\t\t\t<div class=\"elementor-column elementor-col-100 elementor-top-column elementor-element elementor-element-2d0744a3\" data-id=\"2d0744a3\" data-element_type=\"column\">\n\t\t\t<div class=\"elementor-widget-wrap elementor-element-populated\">\n\t\t\t\t\t\t\t\t<div class=\"elementor-element elementor-element-721d5b06 elementor-invisible elementor-widget elementor-widget-heading\" data-id=\"721d5b06\" data-element_type=\"widget\" data-settings=\"{&quot;_animation&quot;:&quot;slideInRight&quot;}\" data-widget_type=\"heading.default\">\n\t\t\t\t<div class=\"elementor-widget-container\">\n\t\t\t<style>\/*! elementor - v3.6.5 - 27-04-2022 *\/\n.elementor-heading-title{padding:0;margin:0;line-height:1}.elementor-widget-heading .elementor-heading-title[class*=elementor-size-]>a{color:inherit;font-size:inherit;line-height:inherit}.elementor-widget-heading .elementor-heading-title.elementor-size-small{font-size:15px}.elementor-widget-heading .elementor-heading-title.elementor-size-medium{font-size:19px}.elementor-widget-heading .elementor-heading-title.elementor-size-large{font-size:29px}.elementor-widget-heading .elementor-heading-title.elementor-size-xl{font-size:39px}.elementor-widget-heading .elementor-heading-title.elementor-size-xxl{font-size:59px}<\/style><h1 class=\"elementor-heading-title elementor-size-default\">Azienda<\/h1>\t\t<\/div>\n\t\t\t\t<\/div>\n\t\t\t\t\t<\/div>\n\t\t<\/div>\n\t\t\t\t\t\t\t<\/div>\n\t\t<\/section>\n\t\t\t\t<section class=\"elementor-section elementor-top-section elementor-element elementor-element-1ab9548d elementor-section-boxed elementor-section-height-default elementor-section-height-default\" data-id=\"1ab9548d\" data-element_type=\"section\">\n\t\t\t\t\t\t<div class=\"elementor-container elementor-column-gap-default\">\n\t\t\t\t\t<div class=\"elementor-column elementor-col-100 elementor-top-column elementor-element elementor-element-1c8d615f\" data-id=\"1c8d615f\" data-element_type=\"column\">\n\t\t\t<div class=\"elementor-widget-wrap elementor-element-populated\">\n\t\t\t\t\t\t\t\t<div class=\"elementor-element elementor-element-220ee9a8 animated-slow elementor-widget elementor-widget-heading\" data-id=\"220ee9a8\" data-element_type=\"widget\" data-settings=\"{&quot;_animation&quot;:&quot;none&quot;}\" data-widget_type=\"heading.default\">\n\t\t\t\t<div class=\"elementor-widget-container\">\n\t\t\t<h2 class=\"elementor-heading-title elementor-size-default\">STORIA<\/h2>\t\t<\/div>\n\t\t\t\t<\/div>\n\t\t\t\t<div class=\"elementor-element elementor-element-67ab821f elementor-widget elementor-widget-text-editor\" data-id=\"67ab821f\" data-element_type=\"widget\" data-widget_type=\"text-editor.default\">\n\t\t\t\t<div class=\"elementor-widget-container\">\n\t\t\t<style>\/*! elementor - v3.6.5 - 27-04-2022 *\/\n.elementor-widget-text-editor.elementor-drop-cap-view-stacked .elementor-drop-cap{background-color:#818a91;color:#fff}.elementor-widget-text-editor.elementor-drop-cap-view-framed .elementor-drop-cap{color:#818a91;border:3px solid;background-color:transparent}.elementor-widget-text-editor:not(.elementor-drop-cap-view-default) .elementor-drop-cap{margin-top:8px}.elementor-widget-text-editor:not(.elementor-drop-cap-view-default) .elementor-drop-cap-letter{width:1em;height:1em}.elementor-widget-text-editor .elementor-drop-cap{float:left;text-align:center;line-height:1;font-size:50px}.elementor-widget-text-editor .elementor-drop-cap-letter{display:inline-block}<\/style>\t\t\t\t<p>La Nordutensili Srl \u00e8 stata fondata nel <b>1984<\/b> a Udine dall&#8217;idea imprenditoriale dei suoi soci fondatori Insieme, avevano gi\u00e0 maturato le proprie competenze nel settore degli utensili durante la precedente esperienza lavorativa. Solo qualche anno dopo, nel 1993, si \u00e8 stabilita nella zona industriale di Grions del Torre (<b>Povoletto<\/b>) dove si trova tuttora.<br \/>In Nordutensili abbiamo sempre avuto un <b>obiettivo comune<\/b>, realizzare prodotti utilizzabili a lungo nel tempo in virt\u00f9 della loro resistenza, ci\u00f2 pu\u00f2 avvenire solo con materie prime di alta qualit\u00e0 e utilizzando le tecnologie pi\u00f9 recenti sul mercato.<\/p><p>Grazie all&#8217;esperienza e alle competenze accumulate negli anni, il nostro team \u00e8 sempre pronto ad <b>affrontare nuove sfide<\/b> per rispondere alle richieste ed esigenze dei Clienti creando punte e frese su misura.<br \/>La <b>professionalit\u00e0<\/b> che ci contraddistingue e gli <b>investimenti in macchine CNC<\/b> al passo con le ultime tecnologie ci hanno permesso di maturare una solida posizione sul mercato come produttori di utensili con <b>pi\u00f9 di 250 articoli<\/b>.<\/p><p>Le esigenze dei nostri Clienti sono le nostre sfide, che ci stimolano a migliorare e a creare nuovi prodotti. Con l&#8217;evoluzione del mercato degli utensili abbiamo dovuto adeguare la produzione dei nostri utensili ai nuovi materiali costruendo utensili con metallo duro durox e micrograno difficili da riaffilare, ma grazie alle nostre competenze nell&#8217;affilatura siamo riusciti a rispondere ad un bisogno sempre pi\u00f9 presente e diffuso, progettando e costruendo una macchina affilatrice.\u00a0<\/p><p>Nel <b>2005<\/b>, abbiamo presentato sul mercato la nostra prima macchina affilatrice manuale per punte foratrici, la <b>NU MANUAL SHARPENING MACHINE<\/b> che, per la sua precisione nella riaffilatura, compattezza e semplicit\u00e0 di utilizzo, non trova attualmente rivali. Nonostante si parli di una macchina affilatrice manuale <b>in meno di un minuto<\/b> riesce a riprodurre le geometrie dei taglienti come se la punta fosse appena stata affilata con una macchina CNC.<\/p><p>Anche per le frese elicoidali nel tempo \u00e8 emerso lo stesso bisogno, cos\u00ec qualche anno dopo ci siamo posti un <b>obiettivo ancora pi\u00f9 ambizioso<\/b>, e lo abbiamo raggiunto! Nel <b>2010<\/b>, infatti, con molto orgoglio abbiamo lanciato sul mercato una nuova macchina affilatrice, la <b>NU5A AUTOMATIC SHARPENING MACHINE<\/b>. La sua particolarit\u00e0 \u00e8 l&#8217;occhio LASER in essa contenuto che ha la capacit\u00e0 di analizzare e scansionare le geometrie delle frese da riaffilare rendendola una macchina unica nel suo genere e in grado di lavorare autonomamente grazie al suo software.<\/p><p>Il futuro \u00e8 fatto di <b>nuove idee e sfide <\/b>e, possiamo dirlo, con i costanti investimenti in ricerca e sviluppo <b>la strada che stiamo percorrendo \u00e8 quella giusta!<\/b><\/p><p>Oltre alle attivit\u00e0 strettamente legate alla produzione, in Nordutensili da anni cerchiamo di svolgere un ruolo attivo verso il sociale e il territorio.<\/p>\t\t\t\t\t\t<\/div>\n\t\t\t\t<\/div>\n\t\t\t\t\t<\/div>\n\t\t<\/div>\n\t\t\t\t\t\t\t<\/div>\n\t\t<\/section>\n\t\t\t\t<section class=\"elementor-section elementor-top-section elementor-element elementor-element-17c79d7e elementor-section-boxed elementor-section-height-default elementor-section-height-default\" data-id=\"17c79d7e\" data-element_type=\"section\">\n\t\t\t\t\t\t<div class=\"elementor-container elementor-column-gap-default\">\n\t\t\t\t\t<div class=\"elementor-column elementor-col-50 elementor-top-column elementor-element elementor-element-130b5c7a\" data-id=\"130b5c7a\" data-element_type=\"column\">\n\t\t\t<div class=\"elementor-widget-wrap elementor-element-populated\">\n\t\t\t\t\t\t\t\t<div class=\"elementor-element elementor-element-4e9ce463 elementor-widget elementor-widget-image\" data-id=\"4e9ce463\" data-element_type=\"widget\" data-widget_type=\"image.default\">\n\t\t\t\t<div class=\"elementor-widget-container\">\n\t\t\t<style>\/*! elementor - v3.6.5 - 27-04-2022 *\/\n.elementor-widget-image{text-align:center}.elementor-widget-image a{display:inline-block}.elementor-widget-image a img[src$=\".svg\"]{width:48px}.elementor-widget-image img{vertical-align:middle;display:inline-block}<\/style>\t\t\t\t\t\t\t\t\t\t\t\t<img loading=\"lazy\" decoding=\"async\" width=\"724\" height=\"1024\" src=\"https:\/\/new.nordutensili.it\/wp-content\/uploads\/2022\/05\/cert_qual_2018-724x1024.jpg\" class=\"attachment-large size-large\" alt=\"\" srcset=\"https:\/\/new.nordutensili.it\/wp-content\/uploads\/2022\/05\/cert_qual_2018-724x1024.jpg 724w, https:\/\/new.nordutensili.it\/wp-content\/uploads\/2022\/05\/cert_qual_2018-212x300.jpg 212w, https:\/\/new.nordutensili.it\/wp-content\/uploads\/2022\/05\/cert_qual_2018-768x1086.jpg 768w, https:\/\/new.nordutensili.it\/wp-content\/uploads\/2022\/05\/cert_qual_2018.jpg 1000w\" sizes=\"auto, (max-width: 724px) 100vw, 724px\" \/>\t\t\t\t\t\t\t\t\t\t\t\t\t\t\t<\/div>\n\t\t\t\t<\/div>\n\t\t\t\t<div class=\"elementor-element elementor-element-67d7edc animated-slow elementor-invisible elementor-widget elementor-widget-image\" data-id=\"67d7edc\" data-element_type=\"widget\" data-settings=\"{&quot;_animation&quot;:&quot;fadeIn&quot;}\" data-widget_type=\"image.default\">\n\t\t\t\t<div class=\"elementor-widget-container\">\n\t\t\t\t\t\t\t\t\t\t\t\t\t\t\t<img loading=\"lazy\" decoding=\"async\" width=\"1\" height=\"1\" src=\"https:\/\/new.nordutensili.it\/wp-content\/uploads\/2022\/05\/iso-9001-2000-sgs-logo-vector.svg\" class=\"attachment-large size-large\" alt=\"\" \/>\t\t\t\t\t\t\t\t\t\t\t\t\t\t\t<\/div>\n\t\t\t\t<\/div>\n\t\t\t\t\t<\/div>\n\t\t<\/div>\n\t\t\t\t<div class=\"elementor-column elementor-col-50 elementor-top-column elementor-element elementor-element-3c22ba44\" data-id=\"3c22ba44\" data-element_type=\"column\">\n\t\t\t<div class=\"elementor-widget-wrap elementor-element-populated\">\n\t\t\t\t\t\t\t\t<div class=\"elementor-element elementor-element-72d34382 animated-slow elementor-widget elementor-widget-heading\" data-id=\"72d34382\" data-element_type=\"widget\" data-settings=\"{&quot;_animation&quot;:&quot;none&quot;}\" data-widget_type=\"heading.default\">\n\t\t\t\t<div class=\"elementor-widget-container\">\n\t\t\t<h2 class=\"elementor-heading-title elementor-size-default\">LE POLITICHE PER LA QUALIT\u00c0<\/h2>\t\t<\/div>\n\t\t\t\t<\/div>\n\t\t\t\t<div class=\"elementor-element elementor-element-6967dfb3 elementor-widget elementor-widget-text-editor\" data-id=\"6967dfb3\" data-element_type=\"widget\" data-widget_type=\"text-editor.default\">\n\t\t\t\t<div class=\"elementor-widget-container\">\n\t\t\t\t\t\t\t<p>La Nordutensili Srl ha implementato il proprio Sistema Qualit\u00e0 per migliorare l&#8217;efficienza di tutta l&#8217;organizzazione e garantire la piena soddisfazione del Cliente. Quest&#8217;ultimo deve, infatti, avere sempre la sicurezza di acquistare prodotti e servizi conformi a specifici requisiti ed alle proprie aspettative. Attenzione al mercato ed innovazione sono quindi punti essenziali su cui basiamo il nostro sviluppo. In questo senso affermiamo la nostra presenza sul mercato attraverso la produzione di prodotti innovativi a condizioni competitive.<\/p>\n<p>In Nordutensili \u00e8 indispensabile:<br><strong>1.<\/strong> migliorare l&#8217;organizzazione interna anche sfruttando i nuovi metodi di analisi proposti dalla nuova edizione della norma ISO 9001:2015;<br><strong>2.<\/strong> migliorare il proprio posizionamento sul mercato mondiale;<br><strong>3.<\/strong> migliorare i propri prodotti e svilupparne di nuovi.<\/p>\n<p>Queste considerazioni ci hanno portato a confermare nella norma UNI EN ISO 9001:2015 il modello di riferimento di Garanzia di Qualit\u00e0 a livello contrattuale, per la realizzazione del Sistema Qualit\u00e0 Aziendale. Ci impegniamo pertanto a soddisfare tutti i requisiti applicabili ai nostri prodotti, siano questi legali, regolamentari o contrattuali, al fine di garantire la piena soddisfazione dei Clienti.<\/p>\t\t\t\t\t\t<\/div>\n\t\t\t\t<\/div>\n\t\t\t\t\t<\/div>\n\t\t<\/div>\n\t\t\t\t\t\t\t<\/div>\n\t\t<\/section>\n\t\t\t\t<section class=\"elementor-section elementor-top-section elementor-element elementor-element-4f31018f elementor-section-boxed elementor-section-height-default elementor-section-height-default\" data-id=\"4f31018f\" data-element_type=\"section\">\n\t\t\t\t\t\t<div class=\"elementor-container elementor-column-gap-default\">\n\t\t\t\t\t<div class=\"elementor-column elementor-col-50 elementor-top-column elementor-element elementor-element-f7557f5\" data-id=\"f7557f5\" data-element_type=\"column\">\n\t\t\t<div class=\"elementor-widget-wrap elementor-element-populated\">\n\t\t\t\t\t\t\t\t<div class=\"elementor-element elementor-element-1c0be1a animated-slow elementor-widget elementor-widget-heading\" data-id=\"1c0be1a\" data-element_type=\"widget\" data-settings=\"{&quot;_animation&quot;:&quot;none&quot;}\" data-widget_type=\"heading.default\">\n\t\t\t\t<div class=\"elementor-widget-container\">\n\t\t\t<h2 class=\"elementor-heading-title elementor-size-default\">DOVE SIAMO<\/h2>\t\t<\/div>\n\t\t\t\t<\/div>\n\t\t\t\t<div class=\"elementor-element elementor-element-586ede0e elementor-widget elementor-widget-menu-anchor\" data-id=\"586ede0e\" data-element_type=\"widget\" data-widget_type=\"menu-anchor.default\">\n\t\t\t\t<div class=\"elementor-widget-container\">\n\t\t\t<style>\/*! elementor - v3.6.5 - 27-04-2022 *\/\nbody.elementor-page .elementor-widget-menu-anchor{margin-bottom:0}<\/style>\t\t<div id=\"contatti\" class=\"elementor-menu-anchor\"><\/div>\n\t\t\t\t<\/div>\n\t\t\t\t<\/div>\n\t\t\t\t<div class=\"elementor-element elementor-element-5f168aae elementor-widget elementor-widget-text-editor\" data-id=\"5f168aae\" data-element_type=\"widget\" data-widget_type=\"text-editor.default\">\n\t\t\t\t<div class=\"elementor-widget-container\">\n\t\t\t\t\t\t\t<p>NORDUTENSILI S.r.l.<br \/>Via Pramollo Z.U. 2 &#8211; Fraz. Grions del Torre stradario 01355<br \/>33040 POVOLETTO (UD)<br \/>Tel. 0039-<strong>0432-664200<\/strong> <br \/>Fax 0039-0432-664201 <br \/>Email: <strong>info@nordutensili.it<\/strong><br \/>C.F. e P.I. <strong>01310580301<\/strong><br \/>Reg. Imprese Udine 01310580301 &#8211; REA UD-166623<br \/>Cap. Soc. Euro 78.000,00 i.v.<\/p>\t\t\t\t\t\t<\/div>\n\t\t\t\t<\/div>\n\t\t\t\t\t<\/div>\n\t\t<\/div>\n\t\t\t\t<div class=\"elementor-column elementor-col-50 elementor-top-column elementor-element elementor-element-4c497eaf\" data-id=\"4c497eaf\" data-element_type=\"column\">\n\t\t\t<div class=\"elementor-widget-wrap elementor-element-populated\">\n\t\t\t\t\t\t\t\t<div class=\"elementor-element elementor-element-bdbc7df elementor-widget elementor-widget-image\" data-id=\"bdbc7df\" data-element_type=\"widget\" data-widget_type=\"image.default\">\n\t\t\t\t<div class=\"elementor-widget-container\">\n\t\t\t\t\t\t\t\t\t\t\t\t\t\t\t<img loading=\"lazy\" decoding=\"async\" width=\"550\" height=\"365\" src=\"https:\/\/new.nordutensili.it\/wp-content\/uploads\/2022\/08\/dove_siamo.png\" class=\"attachment-large size-large\" alt=\"\" srcset=\"https:\/\/new.nordutensili.it\/wp-content\/uploads\/2022\/08\/dove_siamo.png 550w, https:\/\/new.nordutensili.it\/wp-content\/uploads\/2022\/08\/dove_siamo-300x199.png 300w\" sizes=\"auto, (max-width: 550px) 100vw, 550px\" \/>\t\t\t\t\t\t\t\t\t\t\t\t\t\t\t<\/div>\n\t\t\t\t<\/div>\n\t\t\t\t\t<\/div>\n\t\t<\/div>\n\t\t\t\t\t\t\t<\/div>\n\t\t<\/section>\n\t\t\t\t\t\t\t<\/div>\n\t\t","protected":false},"excerpt":{"rendered":"<p>Azienda STORIA La Nordutensili Srl \u00e8 stata fondata nel 1984 a Udine dall&#8217;idea imprenditoriale dei suoi soci fondatori Insieme, avevano gi\u00e0 maturato le proprie competenze nel settore degli utensili durante la precedente esperienza lavorativa. Solo qualche anno dopo, nel 1993, si \u00e8 stabilita nella zona industriale di Grions del Torre (Povoletto) dove si trova tuttora.In [&hellip;]<\/p>\n","protected":false},"author":2,"featured_media":0,"parent":0,"menu_order":0,"comment_status":"closed","ping_status":"closed","template":"elementor_canvas","meta":{"footnotes":""},"class_list":["post-5922","page","type-page","status-publish","hentry","wpbf-post"],"_links":{"self":[{"href":"https:\/\/new.nordutensili.it\/index.php\/wp-json\/wp\/v2\/pages\/5922","targetHints":{"allow":["GET"]}}],"collection":[{"href":"https:\/\/new.nordutensili.it\/index.php\/wp-json\/wp\/v2\/pages"}],"about":[{"href":"https:\/\/new.nordutensili.it\/index.php\/wp-json\/wp\/v2\/types\/page"}],"author":[{"embeddable":true,"href":"https:\/\/new.nordutensili.it\/index.php\/wp-json\/wp\/v2\/users\/2"}],"replies":[{"embeddable":true,"href":"https:\/\/new.nordutensili.it\/index.php\/wp-json\/wp\/v2\/comments?post=5922"}],"version-history":[{"count":70,"href":"https:\/\/new.nordutensili.it\/index.php\/wp-json\/wp\/v2\/pages\/5922\/revisions"}],"predecessor-version":[{"id":5997,"href":"https:\/\/new.nordutensili.it\/index.php\/wp-json\/wp\/v2\/pages\/5922\/revisions\/5997"}],"wp:attachment":[{"href":"https:\/\/new.nordutensili.it\/index.php\/wp-json\/wp\/v2\/media?parent=5922"}],"curies":[{"name":"wp","href":"https:\/\/api.w.org\/{rel}","templated":true}]}}